{"id":360,"date":"2015-06-06T13:13:23","date_gmt":"2015-06-06T11:13:23","guid":{"rendered":"http:\/\/www.altretracce.it\/?page_id=360"},"modified":"2026-03-11T11:21:33","modified_gmt":"2026-03-11T10:21:33","slug":"privacy","status":"publish","type":"page","link":"https:\/\/www.altretracce.it\/?page_id=360","title":{"rendered":"Privacy"},"content":{"rendered":"<h3>PRIVACY<\/h3>\n<p>Ai sensi dell\u2019articolo 13 del D.Lgs 196\/03, Codice in materia di protezione dei dati personali e sue successive modifiche ed integrazioni (di seguito, \u201cCodice Privacy\u201d), forniamo, qui di seguito, l\u2019Informativa riguardante il trattamento dei dati personali effettuato dalla ditta alTREtracce, in qualit\u00e0 di Titolare del trattamento.<\/p>\n<h4>FINALITA\u2019 DEL TRATTAMENTO<\/h4>\n<p>I dati personali forniti dal cliente verranno utilizzati esclusivamente per le seguente finalit\u00e0:<br \/>\na) erogare il servizio di vendita dei prodotti;<br \/>\nb) informarlo, tramite posta elettronica, su nuove iniziative (non necessariamente di tipo commerciale) e su nuovi prodotti proposti da alTREtracce attraverso il sito www.altretracce.it.<\/p>\n<h4>OBBLIGATORIETA\u2019 DEL CONSENSO ALL\u2019USO DEI DATI<\/h4>\n<p>Il conferimento dei dati personali ha in linea generale natura facoltativa. Nel caso dell\u2019area di vendita prodotti il conferimento dei dati \u00e8 indispensabile per erogare il servizio.<br \/>\nPer quanto riguarda le informative di tipo commerciale relativamente a servizi analoghi a quelli oggetto della vendita, l\u2019interessato pu\u00f2 opporsi in ogni momento al trattamento, in maniera agevole e gratuita inviando una email all\u2019indirizzo: info@altretracce.it.<\/p>\n<h4>USO DEI DATI E MODALITA\u2019 DI TRATTAMENTO<\/h4>\n<p>Titolare del trattamento dei dati \u00e8 alTREtracce. I dati saranno raccolti in archivi, informatici e non, e trattati esclusivamente per le finalit\u00e0 illustrate sopra e per adempiere a tutti gli obblighi di legge.<\/p>\n<p>I dati saranno trattati da alTREtracce e potranno essere comunicati, ove necessario, ai fornitori di prodotti e servizi (ad esempio alle societ\u00e0 che effettuano la consegna degli ordini) esclusivamente per la gestione degli ordini di acquisto).<\/p>\n<p>Esclusivamente al fine di agevolare la navigazione all\u2019interno del sito e per evitare che si debbano inserire le credenziali di autenticazione (username e password) ad ogni accesso al sito, \u00e8 possibile che vengano utilizzati metodi di raccolta automatica e memorizzazione dei dati. In tal caso, ai fini dell\u2019utilizzo del servizio, l\u2019utente, dovr\u00e0 abilitare la funzione che consente l\u2019invio e l\u2019utilizzo dei cosiddetti \u201ccookies\u201d.<\/p>\n<h4>COLLEGAMENTO AD ALTRI SITI<\/h4>\n<p>La presente informativa \u00e8 fornita solo per il sito www.altretracce.it e non anche per altri siti web eventualmente consultati dall\u2019utente tramite link di collegamento. alTREtracce non pu\u00f2 essere ritenuta responsabile dei dati personali forniti dagli utenti a soggetti esterni o a eventuali siti Web collegati al sito www.altretracce.it.<\/p>\n<h4>INFORMATIVA SULL\u2019USO DEI COOKIE<\/h4>\n<p>l nostro sito web fa uso di cookie per rendere pi\u00f9 funzionale la navigazione. Proseguendo nella navigazione nel nostro sito web, tu acconsenti all\u2019utilizzo dei cookie, in conformit\u00e0 con la presente informativa. Se tu non sei d\u2019accordo all\u2019utilizzo dei cookie, ti invitiamo a disabilitarli seguendo le istruzioni di seguito riportate nella presente informativa, in modo tale che i cookie presenti sul nostro sito non vengano installati nel tuo dispositivo elettronico.<\/p>\n<h5>Cosa sono i cookie ?<\/h5>\n<p>I cookie sono brevi frammenti di testo (lettere e\/o numeri) che permettono al server web di memorizzare sul client (il browser) informazioni da riutilizzare nel corso della medesima visita al sito (cookie di sessione) o in seguito, anche a distanza di giorni (cookie persistenti). I cookie vengono memorizzati, in base alle preferenze dell\u2019utente, dal singolo browser sullo specifico dispositivo utilizzato (computer, tablet, smartphone).<\/p>\n<p>I cookie consentono inoltre di memorizzare le tue preferenze di navigazione offrendoti un\u2019esperienza pi\u00f9 funzionale del sito, e rendendo il contenuto del sito il pi\u00f9 personalizzato possibile.<\/p>\n<h5>Tipologie di cookie che possono essere utilizzate dai siti internet<\/h5>\n<p>Cookie indispensabili<\/p>\n<p>Questi cookie sono essenziali al fine di consentire di spostarsi in tutto il sito ed utilizzare a pieno le sue caratteristiche, come ad esempio accedere alle varie aree protette del sito. Senza questi cookie alcuni servizi necessari, come la compilazione di un form, non possono essere fruiti.<\/p>\n<p>Performance cookie<\/p>\n<p>Questi cookie raccolgono informazioni su come gli utenti utilizzano un sito web, ad esempio, quali sono le pagine pi\u00f9 visitare, se si ricevono messaggi di errore da pagine web. Questi cookie non raccolgono informazioni che identificano un visitatore. Tutte le informazioni raccolte tramite cookie sono aggregate e quindi anonime. Vengono utilizzati solo per migliorare il funzionamento di un sito web. Utilizzando il nostro sito, l\u2019utente accetta che tali cookie possono essere installati sul proprio dispositivo.<\/p>\n<p>Cookie di funzionalit\u00e0<\/p>\n<p>I cookie consentono al sito di ricordare le scelte fatte dall\u2019utente e forniscono funzionalit\u00e0 avanzate personalizzate. Le informazioni raccolte da questi tipi di cookie possono essere rese anonime e non in grado di monitorare la attivit\u00e0 dell\u2019utente di navigazione su altri siti web. Utilizzando il nostro sito, l\u2019utente accetta che tali cookie possono essere installati sul proprio dispositivo.<\/p>\n<p>Cookie di sessione<\/p>\n<p>I cookie di sessione vengono archiviati temporaneamente nella memoria del computer durante l\u2019esplorazione di un sito. I cookie di sessione rimangono memorizzati nel computer per un breve periodo di tempo. Vengono infatti eliminati non appena l\u2019utente chiude il browser Web.<\/p>\n<p>Cookie permanenti o traccianti<\/p>\n<p>I cookie permanenti salvano un file sul computer per un lungo periodo di tempo. Questo tipo di cookie possiede una data di scadenza. I cookie permanenti consentono ai siti Web di ricordare informazioni e impostazioni alle successive visite degli utenti, rendendo cos\u00ec l\u2019esplorazione pi\u00f9 pratica e rapida, poich\u00e9, ad esempio, non \u00e8 pi\u00f9 necessario effettuare l\u2019accesso. Alla data di scadenza, il cookie viene automaticamente eliminato quando si effettua il primo accesso al sito Web che lo ha creato.<\/p>\n<p>Cookie di Terze Parti<\/p>\n<p>Visitando un sito web si possono ricevere cookie sia dal sito visitato (\u201cproprietari\u201d), sia da siti gestiti da altre organizzazioni (\u201cterze parti\u201d). Un esempio notevole \u00e8 rappresentato dalla presenza dei \u201csocial plugin\u201d per Facebook, Twitter, Google+ e LinkedIn. Si tratta di parti della pagina visitata generate direttamente dai suddetti siti ed integrati nella pagina del sito ospitante. L\u2019utilizzo pi\u00f9 comune dei social plugin \u00e8 finalizzato alla condivisione dei contenuti sui social network. La presenza di questi plugin comporta la trasmissione di cookie da e verso tutti i siti gestiti da terze parti. La gestione delle informazioni raccolte da \u201cterze parti\u201d \u00e8\u00a0 disciplinata dalle relative informative cui si prega di fare riferimento.<\/p>\n<p>Facebook informativa: https:\/\/www.facebook.com\/help\/cookies\/<\/p>\n<h5>Come posso disabilitare i cookie?<\/h5>\n<p>La maggior parte dei browser (Internet Explorer, Firefox, etc.) sono configurati per accettare i cookie. Tuttavia, la maggior parte dei browser permette di controllare e anche disabilitare i cookie attraverso le impostazioni del browser. Puoi trovare ulteriori informazioni sui cookies e su come gestirli consultando il sito <a title=\"www.aboutcookies.org\" href=\"http:\/\/www.blusavoia.it\/privacy\/www.aboutcookies.org\" target=\"_blank\"> www.aboutcookies.org<\/a><span class=\"Apple-converted-space\">\u00a0<\/span>o cliccando su \u201cAiuto\u201d nel menu del tuo browser. Per ulteriori informazioni consulta anche:<span class=\"Apple-converted-space\">\u00a0<\/span><a title=\"Sito del Garante della Privacy\" href=\"http:\/\/www.garanteprivacy.it\/\" target=\"_blank\">http:\/\/www.garanteprivacy.it<\/a><\/p>\n<h4>DIRITTI DELL\u2019 INTERESSATO (ACCESSO AI DATI PERSONALI E ALTRI DIRITTI)<\/h4>\n<p>L\u2019interessato conserva la piena disponibilit\u00e0 dei propri dati personali; i diritti in materia di privacy sono previsti dall\u2019art. 7 del D.Lgs. n. 196\/2003 es.m.i, qui di seguito trascritto:<br \/>\n1. L\u2019interessato ha diritto di ottenere la conferma dell\u2019esistenza o meno di dati personali che lo riguardano, anche se non ancora registrati, e la loro comunicazione in forma intelligibile.<br \/>\n2. L\u2019interessato ha diritto di ottenere l\u2019indicazione:<br \/>\na. dell\u2019origine dei dati personali;<br \/>\nb. delle finalit\u00e0 e modalit\u00e0 del trattamento;<br \/>\nc. della logica applicata in caso di trattamento effettuato con l\u2019ausilio di strumenti elettronici;<br \/>\nd. egli estremi identificativi del titolare, dei responsabili e del rappresentante designato ai sensi dell\u2019articolo 5, comma 2;<br \/>\ne. dei soggetti o delle categorie di soggetti ai quali i dati personali possono essere comunicati o che possono venirne a conoscenza in qualit\u00e0 di rappresentante designato nel territorio dello Stato, di responsabili o incaricati.<br \/>\n3. L\u2019interessato ha diritto di ottenere:<br \/>\na. l\u2019aggiornamento, la rettificazione ovvero, quando vi ha interesse, l\u2019integrazione dei dati;<br \/>\nb. la cancellazione, la trasformazione in forma anonima o il blocco dei dati trattati in violazione di legge, compresi quelli di cui non \u00e8 necessaria la conservazione in relazione agli scopi per i quali i dati sono stati raccolti o successivamente trattati;<br \/>\nc. l\u2019attestazione che le operazioni di cui alle lettere a) e b) sono state portate a conoscenza, anche per quanto riguarda il loro contenuto, di coloro ai quali i dati sono stati comunicati o diffusi, eccettuato il caso in cui tale adempimento si rivela impossibile o comporta un impiego di mezzi manifestamente sproporzionato rispetto al diritto tutelato.<br \/>\n4. L\u2019interessato ha diritto di opporsi, in tutto o in parte:<br \/>\na. per motivi legittimi al trattamento dei dati personali che lo riguardano, ancorch\u00e9 pertinenti allo scopo della raccolta;<br \/>\nb. al trattamento di dati personali che lo riguardano a fini di invio di materiale pubblicitario o di vendita diretta o per il compimento di ricerche di mercato o di comunicazione commerciale\u201d.<\/p>\n<p>Per eventuali ulteriori informazioni \u00e8 possibile inviare una mail a info@altretracce.it<\/p>\n","protected":false},"excerpt":{"rendered":"<p>PRIVACY Ai sensi dell\u2019articolo 13 del D.Lgs 196\/03, Codice in materia di protezione dei dati personali e sue successive modifiche ed integrazioni (di seguito, \u201cCodice Privacy\u201d), forniamo, qui di seguito, l\u2019Informativa riguardante il trattamento dei dati personali effettuato dalla ditta alTREtracce, in qualit\u00e0 di Titolare del trattamento. FINALITA\u2019 DEL TRATTAMENTO \u2026<\/p>\n<p> <a class=\"continue-reading-link\" href=\"https:\/\/www.altretracce.it\/?page_id=360\">Continue reading<i class=\"icon-right-dir\"><\/i><\/a><\/p>\n","protected":false},"author":2,"featured_media":0,"parent":0,"menu_order":0,"comment_status":"closed","ping_status":"closed","template":"","meta":{"footnotes":""},"class_list":["post-360","page","type-page","status-publish","hentry"],"_links":{"self":[{"href":"https:\/\/www.altretracce.it\/index.php?rest_route=\/wp\/v2\/pages\/360","targetHints":{"allow":["GET"]}}],"collection":[{"href":"https:\/\/www.altretracce.it\/index.php?rest_route=\/wp\/v2\/pages"}],"about":[{"href":"https:\/\/www.altretracce.it\/index.php?rest_route=\/wp\/v2\/types\/page"}],"author":[{"embeddable":true,"href":"https:\/\/www.altretracce.it\/index.php?rest_route=\/wp\/v2\/users\/2"}],"replies":[{"embeddable":true,"href":"https:\/\/www.altretracce.it\/index.php?rest_route=%2Fwp%2Fv2%2Fcomments&post=360"}],"version-history":[{"count":1,"href":"https:\/\/www.altretracce.it\/index.php?rest_route=\/wp\/v2\/pages\/360\/revisions"}],"predecessor-version":[{"id":361,"href":"https:\/\/www.altretracce.it\/index.php?rest_route=\/wp\/v2\/pages\/360\/revisions\/361"}],"wp:attachment":[{"href":"https:\/\/www.altretracce.it\/index.php?rest_route=%2Fwp%2Fv2%2Fmedia&parent=360"}],"curies":[{"name":"wp","href":"https:\/\/api.w.org\/{rel}","templated":true}]}}