{"id":294,"date":"2014-06-26T12:39:17","date_gmt":"2014-06-26T10:39:17","guid":{"rendered":"http:\/\/www.altretracce.it\/?page_id=294"},"modified":"2026-03-11T11:21:33","modified_gmt":"2026-03-11T10:21:33","slug":"branco","status":"publish","type":"page","link":"https:\/\/www.altretracce.it\/?page_id=294","title":{"rendered":"BRANCO"},"content":{"rendered":"<p><a href=\"http:\/\/www.altretracce.it\/wp-content\/uploads\/2014\/06\/altretracce-branco-3.jpg\"><img loading=\"lazy\" decoding=\"async\" class=\"alignleft size-medium wp-image-295\" alt=\"altretracce - branco 3\" src=\"http:\/\/www.altretracce.it\/wp-content\/uploads\/2014\/06\/altretracce-branco-3-300x225.jpg\" width=\"300\" height=\"225\" srcset=\"https:\/\/www.altretracce.it\/wp-content\/uploads\/2014\/06\/altretracce-branco-3-300x225.jpg 300w, https:\/\/www.altretracce.it\/wp-content\/uploads\/2014\/06\/altretracce-branco-3-200x150.jpg 200w, https:\/\/www.altretracce.it\/wp-content\/uploads\/2014\/06\/altretracce-branco-3-150x112.jpg 150w, https:\/\/www.altretracce.it\/wp-content\/uploads\/2014\/06\/altretracce-branco-3.jpg 640w\" sizes=\"auto, (max-width: 300px) 100vw, 300px\" \/><\/a>di Sebastiano Di Bella<\/p>\n<p align=\"JUSTIFY\"><span style=\"font-family: 'Century Gothic', sans-serif;\">Due generazioni a confronto. La prima in guerra contro un nemico conosciuto, violento, a cui resistere; la seconda, anch&#8217;essa in guerra a suo modo, ma contro un nemico subdolo e che toglie quanto di pi\u00f9 caro l&#8217;essere umano abbia: la dignit\u00e0. Cosa unisce due realt\u00e0 all&#8217;apparenza cos\u00ec distanti? Durante la seconda guerra mondiale tutti sapevano che, al suono della sirena, la priorit\u00e0 era raggiungere il rifugio. Era l&#8217;unico modo per aver salva la vita. Ai giorni nostri il crollo di un colosso finanziario, che trascina con s\u00e9 tutto il sistema economico, \u00e8 una cosa difficile da prevedere se non si \u00e8 un esperto di finanza. Senza sapere perch\u00e9, ci si trova senza lavoro; senza sapere come, ci si trova a doversi ricostruire una vita. Due generazioni, due destini, legati forse da un&#8217;unica soluzione: diventare un branco.<\/span><\/p>\n<p align=\"JUSTIFY\">PRODUZIONE: Istituto Wesen<\/p>\n<p align=\"JUSTIFY\">ideazione e regia: alTREtracce<\/p>\n<p align=\"JUSTIFY\">con: Elena Astone, Sebastiano Di Bella, Massimo Arbarello e Fabio Bellitti<\/p>\n<style id=\"bwg-style-0\">    #bwg_container1_0 #bwg_container2_0 .bwg-container-0 {      width: 904px;      justify-content: center;              margin-left: auto;        margin-right: auto;              background-color: rgba(255, 255, 255, 0.00);            padding-left: 4px;      padding-top: 4px;      max-width: 100%;            }        #bwg_container1_0 #bwg_container2_0 .bwg-container-0 .bwg-item {      justify-content: flex-start;      max-width: 180px;            width: 180px !important;          }    #bwg_container1_0 #bwg_container2_0 .bwg-container-0 .bwg-item > a {       margin-right: 4px;       margin-bottom: 4px;    }    #bwg_container1_0 #bwg_container2_0 .bwg-container-0 .bwg-item0 {      padding: 0px;      background-color: #FFFFFF;      border: 0px none #CCCCCC;      opacity: 1.00;      filter: Alpha(opacity=100);      border-radius: 0;      box-shadow: 0px 0px 0px #888888;    }    #bwg_container1_0 #bwg_container2_0 .bwg-container-0 .bwg-item1 img {      max-height: none;      max-width: none;      padding: 0 !important;    }        @media only screen and (min-width: 480px) {      #bwg_container1_0 #bwg_container2_0 .bwg-container-0 .bwg-item0 {        transition: all 0.3s ease 0s;-webkit-transition: all 0.3s ease 0s;      }      #bwg_container1_0 #bwg_container2_0 .bwg-container-0 .bwg-item0:hover {        -ms-transform: scale(1.1);        -webkit-transform: scale(1.1);        transform: scale(1.1);      }    }          #bwg_container1_0 #bwg_container2_0 .bwg-container-0 .bwg-item1 {      padding-top: 50%;    }        #bwg_container1_0 #bwg_container2_0 .bwg-container-0 .bwg-title2,    #bwg_container1_0 #bwg_container2_0 .bwg-container-0 .bwg-ecommerce2 {      color: #CCCCCC;      font-family: segoe ui;      font-size: 16px;      font-weight: bold;      padding: 2px;      text-shadow: 0px 0px 0px #888888;      max-height: 100%;    }    #bwg_container1_0 #bwg_container2_0 .bwg-container-0 .bwg-play-icon2 {      font-size: 32px;    }    #bwg_container1_0 #bwg_container2_0 .bwg-container-0 .bwg-ecommerce2 {      font-size: 19.2px;      color: #CCCCCC;    }    <\/style>    <div id=\"bwg_container1_0\"         class=\"bwg_container bwg_thumbnail bwg_thumbnails\"         data-right-click-protection=\"0\"         data-bwg=\"0\"         data-lightbox-url=\"https:\/\/www.altretracce.it\/wp-admin\/admin-ajax.php?action=GalleryBox&tags=0&current_view=0&gallery_id=10&theme_id=1&thumb_width=180&thumb_height=90&open_with_fullscreen=0&open_with_autoplay=0&image_width=800&image_height=500&image_effect=fade&wd_sor=order&wd_ord=asc&enable_image_filmstrip=1&image_filmstrip_height=70&enable_image_ctrl_btn=1&enable_image_fullscreen=1&popup_enable_info=1&popup_info_always_show=0&popup_info_full_width=1&popup_hit_counter=0&popup_enable_rate=0&slideshow_interval=3&enable_comment_social=1&enable_image_facebook=1&enable_image_twitter=1&enable_image_google=1&enable_image_ecommerce=0&enable_image_pinterest=0&enable_image_tumblr=0&watermark_type=none&slideshow_effect_duration=1&current_url=https%3A%2F%2Fwww.altretracce.it%2Findex.php%3Frest_route%3D%252Fwp%252Fv2%252Fpages%252F294&popup_enable_email=0&popup_enable_captcha=0&comment_moderation=0&autohide_lightbox_navigation=1&popup_enable_fullsize_image=0&popup_enable_download=0&show_image_counts=0&enable_loop=1&enable_addthis=0&addthis_profile_id\"         data-gallery-id=\"10\"         data-popup-width=\"800\"         data-popup-height=\"500\"         data-buttons-position=\"bottom\"         data-bwg=\"0\">      <div id=\"bwg_container2_0\">            <div id=\"ajax_loading_0\" class=\"bwg_loading_div_1\">      <div class=\"bwg_loading_div_2\">        <div class=\"bwg_loading_div_3\">          <div id=\"loading_div_0\" class=\"bwg_spider_ajax_loading\">          <\/div>        <\/div>      <\/div>    <\/div>            <form id=\"gal_front_form_0\"              class=\"bwg-hidden\"              method=\"post\"              action=\"#\"              data-current=\"0\"              data-shortcode-id=\"0\"              data-gallery-type=\"thumbnails\"              data-gallery-id=\"10\"              data-tag=\"0\"              data-album-id=\"0\"              data-theme-id=\"1\"              data-ajax-url=\"https:\/\/www.altretracce.it\/wp-admin\/admin-ajax.php?action=bwg_frontend_data\">          <div id=\"bwg_container3_0\" class=\"bwg-background bwg-background-0\">                <div data-max-count=\"5\"         data-thumbnail-width=\"180\"         data-bwg=\"0\"         data-gallery-id=\"10\"         data-lightbox-url=\"https:\/\/www.altretracce.it\/wp-admin\/admin-ajax.php?action=GalleryBox&tags=0&current_view=0&gallery_id=10&theme_id=1&thumb_width=180&thumb_height=90&open_with_fullscreen=0&open_with_autoplay=0&image_width=800&image_height=500&image_effect=fade&wd_sor=order&wd_ord=asc&enable_image_filmstrip=1&image_filmstrip_height=70&enable_image_ctrl_btn=1&enable_image_fullscreen=1&popup_enable_info=1&popup_info_always_show=0&popup_info_full_width=1&popup_hit_counter=0&popup_enable_rate=0&slideshow_interval=3&enable_comment_social=1&enable_image_facebook=1&enable_image_twitter=1&enable_image_google=1&enable_image_ecommerce=0&enable_image_pinterest=0&enable_image_tumblr=0&watermark_type=none&slideshow_effect_duration=1&current_url=https%3A%2F%2Fwww.altretracce.it%2Findex.php%3Frest_route%3D%252Fwp%252Fv2%252Fpages%252F294&popup_enable_email=0&popup_enable_captcha=0&comment_moderation=0&autohide_lightbox_navigation=1&popup_enable_fullsize_image=0&popup_enable_download=0&show_image_counts=0&enable_loop=1&enable_addthis=0&addthis_profile_id\"         id=\"bwg_thumbnails_0\"         class=\"bwg-container-0 bwg-thumbnails bwg-container bwg-border-box\">            <div class=\"bwg-item\">        <a >                <div class=\"bwg-item0\">          <div class=\"bwg-item1 \">            <div class=\"bwg-item2\">              <img decoding=\"async\" class=\"skip-lazy bwg_standart_thumb_img_0\"                   data-id=\"135\"                   src=\"http:\/\/www.altretracce.it\/wp-content\/uploads\/photo-gallery\/thumb\/altretracce - branco 8.jpg\"                   alt=\"altretracce - branco 8\" \/>            <\/div>            <div class=\"\">                                                      <\/div>          <\/div>        <\/div>                        <\/a>      <\/div>            <div class=\"bwg-item\">        <a >                <div class=\"bwg-item0\">          <div class=\"bwg-item1 \">            <div class=\"bwg-item2\">              <img decoding=\"async\" class=\"skip-lazy bwg_standart_thumb_img_0\"                   data-id=\"129\"                   src=\"http:\/\/www.altretracce.it\/wp-content\/uploads\/photo-gallery\/thumb\/altretracce - branco 1.jpg\"                   alt=\"altretracce - branco 1\" \/>            <\/div>            <div class=\"\">                                                      <\/div>          <\/div>        <\/div>                        <\/a>      <\/div>            <div class=\"bwg-item\">        <a >                <div class=\"bwg-item0\">          <div class=\"bwg-item1 \">            <div class=\"bwg-item2\">              <img decoding=\"async\" class=\"skip-lazy bwg_standart_thumb_img_0\"                   data-id=\"133\"                   src=\"http:\/\/www.altretracce.it\/wp-content\/uploads\/photo-gallery\/thumb\/altretracce - branco 6.jpg\"                   alt=\"altretracce - branco 6\" \/>            <\/div>            <div class=\"\">                                                      <\/div>          <\/div>        <\/div>                        <\/a>      <\/div>            <div class=\"bwg-item\">        <a >                <div class=\"bwg-item0\">          <div class=\"bwg-item1 \">            <div class=\"bwg-item2\">              <img decoding=\"async\" class=\"skip-lazy bwg_standart_thumb_img_0\"                   data-id=\"134\"                   src=\"http:\/\/www.altretracce.it\/wp-content\/uploads\/photo-gallery\/thumb\/altretracce - branco 7.jpg\"                   alt=\"altretracce - branco 7\" \/>            <\/div>            <div class=\"\">                                                      <\/div>          <\/div>        <\/div>                        <\/a>      <\/div>            <div class=\"bwg-item\">        <a >                <div class=\"bwg-item0\">          <div class=\"bwg-item1 \">            <div class=\"bwg-item2\">              <img decoding=\"async\" class=\"skip-lazy bwg_standart_thumb_img_0\"                   data-id=\"131\"                   src=\"http:\/\/www.altretracce.it\/wp-content\/uploads\/photo-gallery\/thumb\/altretracce - branco 4.jpg\"                   alt=\"altretracce - branco 4\" \/>            <\/div>            <div class=\"\">                                                      <\/div>          <\/div>        <\/div>                        <\/a>      <\/div>            <div class=\"bwg-item\">        <a >                <div class=\"bwg-item0\">          <div class=\"bwg-item1 \">            <div class=\"bwg-item2\">              <img decoding=\"async\" class=\"skip-lazy bwg_standart_thumb_img_0\"                   data-id=\"132\"                   src=\"http:\/\/www.altretracce.it\/wp-content\/uploads\/photo-gallery\/thumb\/altretracce - branco 5.jpg\"                   alt=\"altretracce - branco 5\" \/>            <\/div>            <div class=\"\">                                                      <\/div>          <\/div>        <\/div>                        <\/a>      <\/div>            <div class=\"bwg-item\">        <a >                <div class=\"bwg-item0\">          <div class=\"bwg-item1 \">            <div class=\"bwg-item2\">              <img decoding=\"async\" class=\"skip-lazy bwg_standart_thumb_img_0\"                   data-id=\"130\"                   src=\"http:\/\/www.altretracce.it\/wp-content\/uploads\/photo-gallery\/thumb\/altretracce - branco 2.jpg\"                   alt=\"altretracce - branco 2\" \/>            <\/div>            <div class=\"\">                                                      <\/div>          <\/div>        <\/div>                        <\/a>      <\/div>            <div class=\"bwg-item\">        <a >                <div class=\"bwg-item0\">          <div class=\"bwg-item1 \">            <div class=\"bwg-item2\">              <img decoding=\"async\" class=\"skip-lazy bwg_standart_thumb_img_0\"                   data-id=\"136\"                   src=\"http:\/\/www.altretracce.it\/wp-content\/uploads\/photo-gallery\/thumb\/altretracce - branco 10.jpg\"                   alt=\"altretracce - branco 10\" \/>            <\/div>            <div class=\"\">                                                      <\/div>          <\/div>        <\/div>                        <\/a>      <\/div>          <\/div>    <style>      \/*pagination styles*\/      #bwg_container1_0 #bwg_container2_0 .tablenav-pages_0 {      text-align: center;      font-size: 12px;      font-family: segoe ui;      font-weight: bold;      color: #666666;      margin: 6px 0 4px;      display: block;      height: 30px;      line-height: 30px;      }      @media only screen and (max-width : 320px) {      #bwg_container1_0 #bwg_container2_0 .displaying-num_0 {      display: none;      }      }      #bwg_container1_0 #bwg_container2_0 .displaying-num_0 {      font-size: 12px;      font-family: segoe ui;      font-weight: bold;      color: #666666;      margin-right: 10px;      vertical-align: middle;      }      #bwg_container1_0 #bwg_container2_0 .paging-input_0 {      font-size: 12px;      font-family: segoe ui;      font-weight: bold;      color: #666666;      vertical-align: middle;      }      #bwg_container1_0 #bwg_container2_0 .tablenav-pages_0 a.disabled,      #bwg_container1_0 #bwg_container2_0 .tablenav-pages_0 a.disabled:hover,      #bwg_container1_0 #bwg_container2_0 .tablenav-pages_0 a.disabled:focus {      cursor: default;      color: rgba(102, 102, 102, 0.5);      }      #bwg_container1_0 #bwg_container2_0 .tablenav-pages_0 a {      cursor: pointer;      font-size: 12px;      font-family: segoe ui;      font-weight: bold;      color: #666666;      text-decoration: none;      padding: 3px 6px;      margin: 0;      border-radius: 0;      border-style: solid;      border-width: 1px;      border-color: #E3E3E3;      background-color: #FFFFFF;      opacity: 1.00;      filter: Alpha(opacity=100);      box-shadow: 0;      transition: all 0.3s ease 0s;-webkit-transition: all 0.3s ease 0s;      }      <\/style>      <span class=\"bwg_nav_cont_0\">          <div class=\"tablenav-pages_0\">          <\/div>          <input type=\"hidden\" id=\"page_number_0\" name=\"page_number_0\" value=\"1\" \/>    <script type=\"text\/javascript\">      function spider_page_0(cur, x, y, load_more) {        if (typeof load_more == \"undefined\") {          var load_more = false;        }        if (jQuery(cur).hasClass('disabled')) {          return false;        }        var items_county_0 = 1;        switch (y) {          case 1:            if (x >= items_county_0) {              document.getElementById('page_number_0').value = items_county_0;            }            else {              document.getElementById('page_number_0').value = x + 1;            }            break;          case 2:            document.getElementById('page_number_0').value = items_county_0;            break;          case -1:            if (x == 1) {              document.getElementById('page_number_0').value = 1;            }            else {              document.getElementById('page_number_0').value = x - 1;            }            break;          case -2:            document.getElementById('page_number_0').value = 1;            break;          default:            document.getElementById('page_number_0').value = 1;        }        bwg_ajax('gal_front_form_0', '0', 'bwg_thumbnails_0', '0', '', '', 0, '', '', load_more);      }      jQuery('.first-page-0').on('click', function () {        spider_page_0(this, 1, -2, 'numeric');      });      jQuery('.prev-page-0').on('click', function () {        spider_page_0(this, 1, -1, 'numeric');        return false;      });      jQuery('.next-page-0').on('click', function () {        spider_page_0(this, 1, 1, 'numeric');        return false;      });      jQuery('.last-page-0').on('click', function () {        spider_page_0(this, 1, 2, 'numeric');      });      jQuery('.bwg_load_btn_0').on('click', function () {        spider_page_0(this, 1, 1, true);        return false;      });    <\/script>    <\/span>                <\/div>        <\/form>              <\/div>    <\/div>    <script>      jQuery(document).ready(function () {        bwg_main_ready();      });    <\/script>    \n","protected":false},"excerpt":{"rendered":"<p>di Sebastiano Di Bella Due generazioni a confronto. La prima in guerra contro un nemico conosciuto, violento, a cui resistere; la seconda, anch&#8217;essa in guerra a suo modo, ma contro un nemico subdolo e che toglie quanto di pi\u00f9 caro l&#8217;essere umano abbia: la dignit\u00e0. Cosa unisce due realt\u00e0 all&#8217;apparenza \u2026<\/p>\n<p> <a class=\"continue-reading-link\" href=\"https:\/\/www.altretracce.it\/?page_id=294\">Continue reading<i class=\"icon-right-dir\"><\/i><\/a><\/p>\n","protected":false},"author":2,"featured_media":0,"parent":17,"menu_order":9,"comment_status":"closed","ping_status":"closed","template":"","meta":{"footnotes":""},"class_list":["post-294","page","type-page","status-publish","hentry"],"_links":{"self":[{"href":"https:\/\/www.altretracce.it\/index.php?rest_route=\/wp\/v2\/pages\/294","targetHints":{"allow":["GET"]}}],"collection":[{"href":"https:\/\/www.altretracce.it\/index.php?rest_route=\/wp\/v2\/pages"}],"about":[{"href":"https:\/\/www.altretracce.it\/index.php?rest_route=\/wp\/v2\/types\/page"}],"author":[{"embeddable":true,"href":"https:\/\/www.altretracce.it\/index.php?rest_route=\/wp\/v2\/users\/2"}],"replies":[{"embeddable":true,"href":"https:\/\/www.altretracce.it\/index.php?rest_route=%2Fwp%2Fv2%2Fcomments&post=294"}],"version-history":[{"count":4,"href":"https:\/\/www.altretracce.it\/index.php?rest_route=\/wp\/v2\/pages\/294\/revisions"}],"predecessor-version":[{"id":300,"href":"https:\/\/www.altretracce.it\/index.php?rest_route=\/wp\/v2\/pages\/294\/revisions\/300"}],"up":[{"embeddable":true,"href":"https:\/\/www.altretracce.it\/index.php?rest_route=\/wp\/v2\/pages\/17"}],"wp:attachment":[{"href":"https:\/\/www.altretracce.it\/index.php?rest_route=%2Fwp%2Fv2%2Fmedia&parent=294"}],"curies":[{"name":"wp","href":"https:\/\/api.w.org\/{rel}","templated":true}]}}